{"id":15103,"date":"2015-05-31T10:29:00","date_gmt":"2015-05-31T08:29:00","guid":{"rendered":"https:\/\/asterixartstrips.com\/about\/"},"modified":"2022-12-07T12:00:05","modified_gmt":"2022-12-07T11:00:05","slug":"about","status":"publish","type":"page","link":"https:\/\/asterixartstrips.com\/en\/about\/","title":{"rendered":"About"},"content":{"rendered":"\n<h2 class=\"wp-block-heading\">The childhood of art<\/h2>\n\n<p>\n          <strong>The Ast\u00e9rix Art Strips constitute a challenge, and not only for the wordplay.<\/strong>\n        <\/p>\n\n<div class=\"wp-block-columns are-vertically-aligned-center is-layout-flex wp-container-core-columns-is-layout-9d6595d7 wp-block-columns-is-layout-flex\">\n<div class=\"wp-block-column is-vertically-aligned-center is-layout-flow wp-block-column-is-layout-flow\" style=\"flex-basis:70%\">\n<h4 class=\"uderzo wp-block-heading\">In comic books, there is often a tendency to think that a panel takes on its full narrative dimension in the relationship it has with the panels that surround it. <\/h4>\n\n\n\n<p>It is indeed in the dialogue with the other panels that the story is built, the plot comes alive, and the adventure begins. And yet, the reader, especially as a child, loves nothing more than to stop on a particular panel and lose themselves in contemplating a detail, a setting, a posture, a line or an arabesque which then become entire worlds unto themselves. The panel is no longer associated with the time of reading, but rather with a time of dreaming, the imaginary in suspense. The whole point of Art Strips is to capture this suspended moment, sometimes the duration of an entire strip, and to thereby discover the infinite pleasure of mindful daydreaming at the edges of the panels.<\/p>\n<\/div>\n\n\n\n<div class=\"wp-block-column is-vertically-aligned-center is-layout-flow wp-block-column-is-layout-flow\" style=\"flex-basis:29%\">\n<figure class=\"wp-block-image size-large\"><img loading=\"lazy\" decoding=\"async\" width=\"700\" height=\"700\" src=\"https:\/\/asterixartstrips.com\/wp-content\/uploads\/2022\/11\/asterix-art-strips-crayonne-tour-de-gaule-01-700x700.png\" alt=\"Ast&#xE9;rix Art Strips - Sketch - Ast&#xE9;rix and the banquet\" class=\"wp-image-14930\" srcset=\"https:\/\/asterixartstrips.com\/wp-content\/uploads\/2022\/11\/asterix-art-strips-crayonne-tour-de-gaule-01-700x700.png 700w, https:\/\/asterixartstrips.com\/wp-content\/uploads\/2022\/11\/asterix-art-strips-crayonne-tour-de-gaule-01-800x800.png 800w, https:\/\/asterixartstrips.com\/wp-content\/uploads\/2022\/11\/asterix-art-strips-crayonne-tour-de-gaule-01-100x100.png 100w, https:\/\/asterixartstrips.com\/wp-content\/uploads\/2022\/11\/asterix-art-strips-crayonne-tour-de-gaule-01-250x250.png 250w, https:\/\/asterixartstrips.com\/wp-content\/uploads\/2022\/11\/asterix-art-strips-crayonne-tour-de-gaule-01-150x150.png 150w, https:\/\/asterixartstrips.com\/wp-content\/uploads\/2022\/11\/asterix-art-strips-crayonne-tour-de-gaule-01-768x768.png 768w, https:\/\/asterixartstrips.com\/wp-content\/uploads\/2022\/11\/asterix-art-strips-crayonne-tour-de-gaule-01-555x555.png 555w, https:\/\/asterixartstrips.com\/wp-content\/uploads\/2022\/11\/asterix-art-strips-crayonne-tour-de-gaule-01.png 1200w\" sizes=\"auto, (max-width: 700px) 100vw, 700px\" \/><\/figure><\/div>\n<\/div>\n\n<div class=\"wp-block-cover aligncenter is-light has-parallax\" style=\"min-height:268px;aspect-ratio:unset;\"><span aria-hidden=\"true\" class=\"wp-block-cover__background has-white-background-color has-background-dim-80 has-background-dim\"><\/span><div role=\"img\" class=\"wp-block-cover__image-background wp-image-14959 has-parallax\" style=\"background-position:50% 50%;background-image:url(https:\/\/asterixartstrips.com\/wp-content\/uploads\/2022\/11\/asterix-art-strips-crayonne-retour-au-village.jpg)\"><\/div><div class=\"wp-block-cover__inner-container is-layout-flow wp-block-cover-is-layout-flow\">\n<p class=\"has-text-align-center uderzo has-black-color has-text-color\" style=\"font-size:25px\">&#8230;loves nothing more than to stop on a particular panel <br\/>and lose themselves in contemplating a detail&#8230;<\/p>\n<\/div><\/div>\n\n<blockquote class=\"wp-block-quote is-layout-flow wp-block-quote-is-layout-flow\">\n<p><\/p>\n<\/blockquote>\n\n<div class=\"wp-block-columns is-layout-flex wp-container-core-columns-is-layout-9d6595d7 wp-block-columns-is-layout-flex\">\n<div class=\"wp-block-column is-layout-flow wp-block-column-is-layout-flow\" style=\"flex-basis:33.33%\">\n<figure class=\"wp-block-image size-large\"><img loading=\"lazy\" decoding=\"async\" width=\"700\" height=\"629\" src=\"https:\/\/asterixartstrips.com\/wp-content\/uploads\/2022\/11\/asterix-art-strips-albert-uderzo-rene-goscinny-livre-archive-nb-700x629.jpg\" alt=\"Asterix Art Strips Albert Uderzo Rene Goscinny Archive Book BW\" class=\"wp-image-14950\" srcset=\"https:\/\/asterixartstrips.com\/wp-content\/uploads\/2022\/11\/asterix-art-strips-albert-uderzo-rene-goscinny-livre-archive-nb-700x629.jpg 700w, https:\/\/asterixartstrips.com\/wp-content\/uploads\/2022\/11\/asterix-art-strips-albert-uderzo-rene-goscinny-livre-archive-nb-800x719.jpg 800w, https:\/\/asterixartstrips.com\/wp-content\/uploads\/2022\/11\/asterix-art-strips-albert-uderzo-rene-goscinny-livre-archive-nb-250x225.jpg 250w, https:\/\/asterixartstrips.com\/wp-content\/uploads\/2022\/11\/asterix-art-strips-albert-uderzo-rene-goscinny-livre-archive-nb-768x690.jpg 768w, https:\/\/asterixartstrips.com\/wp-content\/uploads\/2022\/11\/asterix-art-strips-albert-uderzo-rene-goscinny-livre-archive-nb-555x499.jpg 555w, https:\/\/asterixartstrips.com\/wp-content\/uploads\/2022\/11\/asterix-art-strips-albert-uderzo-rene-goscinny-livre-archive-nb.jpg 1200w\" sizes=\"auto, (max-width: 700px) 100vw, 700px\" \/><figcaption class=\"wp-element-caption\">Albert Uderzo and Ren\u00e9 Goscinny \u00a9 DR<\/figcaption><\/figure><\/div>\n\n\n\n<div class=\"wp-block-column is-layout-flow wp-block-column-is-layout-flow\" style=\"flex-basis:66.66%\">\n<p>This is all the more true for comics that have marked generations of readers, such as the <em>Ast\u00e9rix<\/em> series created by Ren\u00e9 Goscinny and Albert Uderzo in 1959. In this series, the panel or sequence of panels function as an extraordinary concentration of talents. More than just co-authors, Goscinny and Uderzo were friends, and their complicity seems to have imbued all their joint works. This is not just a question of a particular symbiosis between text and image, even if they each found in one another the ideal partner to develop their shared sense of humour to perfection.<\/p>\n\n\n\n<p>But what shines through the most in the collaboration between the two men, is their indefinable alchemy, with powers as secret and unattainable as the magic potion of the indomitable Gauls. Each panel, each strip, bears witness to this unmatched partnership which gave birth to a timeless immortal piece of work.<\/p>\n<\/div>\n<\/div>\n\n<div class=\"wp-block-media-text alignwide has-media-on-the-right is-stacked-on-mobile\" style=\"grid-template-columns:auto 41%\"><div class=\"wp-block-media-text__content\">\n<h4 class=\"has-text-align-right uderzo wp-block-heading\">&#8230;dutifully reproduced <br\/>to the last fibre&#8230;<\/h4>\n\n\n\n<p class=\"has-text-align-right\"><strong>Selected over a period of ten years, between 1963 and 1973<\/strong>, the Ast\u00e9rix Art Strips revisit some of the best panels produced in tandem by these two comic strip geniuses. Based on the original plates drawn and inked by Albert Uderzo after Ren\u00e9 Goscinny\u2019s scripts, <strong>dutifully reproduced <\/strong> to the last fibre, and enhanced with <strong>the colours of the period<\/strong>, these panels offer a dive into the very <strong>essence of an artform like no other<\/strong>. It is an opportunity to be submerged again in a universe that will never leave you &#8211; particularly if you fell into it at as a baby.<\/p>\n<\/div><figure class=\"wp-block-media-text__media\"><img loading=\"lazy\" decoding=\"async\" width=\"700\" height=\"840\" src=\"https:\/\/asterixartstrips.com\/wp-content\/uploads\/2022\/11\/asterix-art-strips-05-en-avant-rectangle-700x840.jpg\" alt=\"Ast\u00e9rix Art Strips 05 - Forward - Rectangle\" class=\"wp-image-14967 size-full\" srcset=\"https:\/\/asterixartstrips.com\/wp-content\/uploads\/2022\/11\/asterix-art-strips-05-en-avant-rectangle-700x840.jpg 700w, https:\/\/asterixartstrips.com\/wp-content\/uploads\/2022\/11\/asterix-art-strips-05-en-avant-rectangle-800x960.jpg 800w, https:\/\/asterixartstrips.com\/wp-content\/uploads\/2022\/11\/asterix-art-strips-05-en-avant-rectangle-250x300.jpg 250w, https:\/\/asterixartstrips.com\/wp-content\/uploads\/2022\/11\/asterix-art-strips-05-en-avant-rectangle-768x922.jpg 768w, https:\/\/asterixartstrips.com\/wp-content\/uploads\/2022\/11\/asterix-art-strips-05-en-avant-rectangle-555x666.jpg 555w, https:\/\/asterixartstrips.com\/wp-content\/uploads\/2022\/11\/asterix-art-strips-05-en-avant-rectangle.jpg 1000w\" sizes=\"auto, (max-width: 700px) 100vw, 700px\" \/><\/figure><\/div>\n\n<div style=\"height:30px\" aria-hidden=\"true\" class=\"wp-block-spacer\"><\/div>\n\n<div class=\"wp-block-group alertLight\"><div class=\"wp-block-group__inner-container is-layout-constrained wp-block-group-is-layout-constrained\">\n<h3 class=\"wp-block-heading\">Finishings:<\/h3>\n\n\n\n<ul class=\"wp-block-list\">\n<li>Plexiglass on aluminium \u2013 Dibond, with an aluminium hanging frame on the back.<\/li>\n\n\n\n<li>Fine Art Hahnem\u00fchle paper on aluminium \u2013 Dibond, framed in a white or black American wooden frame. Hanging frame on the back, made of aluminium.<\/li>\n<\/ul>\n\n\n\n<p class=\"has-text-align-center readMore\">\n          <a href=\"https:\/\/asterixartstrips.com\/en\/finishings\/\">Read more with photos &amp; video on both finishings<\/a>\n        <\/p>\n\n\n\n<h3 class=\"wp-block-heading\">Limited Edition<\/h3>\n\n\n\n<p>All the Asterix Art Strips are published in a limited edition of 30 copies with a certificate of authenticity signed by C\u00e9leste Surugue, Managing Director of Editions Albert Ren\u00e9, and Florence Mittnacht, Legal Director of Editions Albert Ren\u00e9.<\/p>\n\n\n\n<h3 class=\"wp-block-heading\">Delivery time and conditions:<\/h3>\n\n\n\n<ul class=\"wp-block-list\">\n<li>Production time 2 to 3 weeks<\/li>\n\n\n\n<li>Delivered in cardboard and plastic film<\/li>\n<\/ul>\n<\/div><\/div>\n","protected":false},"excerpt":{"rendered":"<p>The childhood of art The Ast\u00e9rix Art Strips constitute a challenge, and not only for the wordplay. In comic books, there is often a tendency to think that a panel takes on its full narrative dimension in the relationship it has with the panels that surround it. It is indeed in the dialogue with the other panels that the story is built, the plot comes alive, and the adventure begins. And yet, the reader, especially&hellip;<\/p>\n","protected":false},"author":1,"featured_media":0,"parent":0,"menu_order":0,"comment_status":"closed","ping_status":"closed","template":"","meta":{"_acf_changed":false,"footnotes":""},"class_list":["post-15103","page","type-page","status-publish","hentry"],"acf":[],"yoast_head":"<!-- This site is optimized with the Yoast SEO plugin v27.4 - https:\/\/yoast.com\/product\/yoast-seo-wordpress\/ -->\n<title>About - Ast\u00e9rix Art Strips<\/title>\n<meta name=\"robots\" content=\"index, follow, max-snippet:-1, max-image-preview:large, max-video-preview:-1\" \/>\n<link rel=\"canonical\" href=\"https:\/\/asterixartstrips.com\/en\/about\/\" \/>\n<meta property=\"og:locale\" content=\"en_US\" \/>\n<meta property=\"og:type\" content=\"article\" \/>\n<meta property=\"og:title\" content=\"About - Ast\u00e9rix Art Strips\" \/>\n<meta property=\"og:description\" content=\"The childhood of art The Ast\u00e9rix Art Strips constitute a challenge, and not only for the wordplay. In comic books, there is often a tendency to think that a panel takes on its full narrative dimension in the relationship it has with the panels that surround it. It is indeed in the dialogue with the other panels that the story is built, the plot comes alive, and the adventure begins. And yet, the reader, especially&hellip;\" \/>\n<meta property=\"og:url\" content=\"https:\/\/asterixartstrips.com\/en\/about\/\" \/>\n<meta property=\"og:site_name\" content=\"Ast\u00e9rix Art Strips\" \/>\n<meta property=\"article:modified_time\" content=\"2022-12-07T11:00:05+00:00\" \/>\n<meta property=\"og:image\" content=\"https:\/\/asterixartstrips.com\/wp-content\/uploads\/2022\/11\/asterix-art-strips-crayonne-tour-de-gaule-01-700x700.png\" \/>\n<meta name=\"twitter:card\" content=\"summary_large_image\" \/>\n<meta name=\"twitter:label1\" content=\"Est. reading time\" \/>\n\t<meta name=\"twitter:data1\" content=\"3 minutes\" \/>\n<script type=\"application\/ld+json\" class=\"yoast-schema-graph\">{\"@context\":\"https:\\\/\\\/schema.org\",\"@graph\":[{\"@type\":\"WebPage\",\"@id\":\"https:\\\/\\\/asterixartstrips.com\\\/en\\\/about\\\/\",\"url\":\"https:\\\/\\\/asterixartstrips.com\\\/en\\\/about\\\/\",\"name\":\"About - Ast\u00e9rix Art Strips\",\"isPartOf\":{\"@id\":\"https:\\\/\\\/asterixartstrips.com\\\/en\\\/#website\"},\"primaryImageOfPage\":{\"@id\":\"https:\\\/\\\/asterixartstrips.com\\\/en\\\/about\\\/#primaryimage\"},\"image\":{\"@id\":\"https:\\\/\\\/asterixartstrips.com\\\/en\\\/about\\\/#primaryimage\"},\"thumbnailUrl\":\"https:\\\/\\\/asterixartstrips.com\\\/wp-content\\\/uploads\\\/2022\\\/11\\\/asterix-art-strips-crayonne-tour-de-gaule-01-700x700.png\",\"datePublished\":\"2015-05-31T08:29:00+00:00\",\"dateModified\":\"2022-12-07T11:00:05+00:00\",\"inLanguage\":\"en-US\",\"potentialAction\":[{\"@type\":\"ReadAction\",\"target\":[\"https:\\\/\\\/asterixartstrips.com\\\/en\\\/about\\\/\"]}]},{\"@type\":\"ImageObject\",\"inLanguage\":\"en-US\",\"@id\":\"https:\\\/\\\/asterixartstrips.com\\\/en\\\/about\\\/#primaryimage\",\"url\":\"https:\\\/\\\/asterixartstrips.com\\\/wp-content\\\/uploads\\\/2022\\\/11\\\/asterix-art-strips-crayonne-tour-de-gaule-01-700x700.png\",\"contentUrl\":\"https:\\\/\\\/asterixartstrips.com\\\/wp-content\\\/uploads\\\/2022\\\/11\\\/asterix-art-strips-crayonne-tour-de-gaule-01-700x700.png\"},{\"@type\":\"WebSite\",\"@id\":\"https:\\\/\\\/asterixartstrips.com\\\/en\\\/#website\",\"url\":\"https:\\\/\\\/asterixartstrips.com\\\/en\\\/\",\"name\":\"Ast\u00e9rix Art Strips\",\"description\":\"From comic strips to art strips\",\"potentialAction\":[{\"@type\":\"SearchAction\",\"target\":{\"@type\":\"EntryPoint\",\"urlTemplate\":\"https:\\\/\\\/asterixartstrips.com\\\/en\\\/?s={search_term_string}\"},\"query-input\":{\"@type\":\"PropertyValueSpecification\",\"valueRequired\":true,\"valueName\":\"search_term_string\"}}],\"inLanguage\":\"en-US\"}]}<\/script>\n<!-- \/ Yoast SEO plugin. -->","yoast_head_json":{"title":"About - Ast\u00e9rix Art Strips","robots":{"index":"index","follow":"follow","max-snippet":"max-snippet:-1","max-image-preview":"max-image-preview:large","max-video-preview":"max-video-preview:-1"},"canonical":"https:\/\/asterixartstrips.com\/en\/about\/","og_locale":"en_US","og_type":"article","og_title":"About - Ast\u00e9rix Art Strips","og_description":"The childhood of art The Ast\u00e9rix Art Strips constitute a challenge, and not only for the wordplay. In comic books, there is often a tendency to think that a panel takes on its full narrative dimension in the relationship it has with the panels that surround it. It is indeed in the dialogue with the other panels that the story is built, the plot comes alive, and the adventure begins. And yet, the reader, especially&hellip;","og_url":"https:\/\/asterixartstrips.com\/en\/about\/","og_site_name":"Ast\u00e9rix Art Strips","article_modified_time":"2022-12-07T11:00:05+00:00","og_image":[{"url":"https:\/\/asterixartstrips.com\/wp-content\/uploads\/2022\/11\/asterix-art-strips-crayonne-tour-de-gaule-01-700x700.png","type":"","width":"","height":""}],"twitter_card":"summary_large_image","twitter_misc":{"Est. reading time":"3 minutes"},"schema":{"@context":"https:\/\/schema.org","@graph":[{"@type":"WebPage","@id":"https:\/\/asterixartstrips.com\/en\/about\/","url":"https:\/\/asterixartstrips.com\/en\/about\/","name":"About - Ast\u00e9rix Art Strips","isPartOf":{"@id":"https:\/\/asterixartstrips.com\/en\/#website"},"primaryImageOfPage":{"@id":"https:\/\/asterixartstrips.com\/en\/about\/#primaryimage"},"image":{"@id":"https:\/\/asterixartstrips.com\/en\/about\/#primaryimage"},"thumbnailUrl":"https:\/\/asterixartstrips.com\/wp-content\/uploads\/2022\/11\/asterix-art-strips-crayonne-tour-de-gaule-01-700x700.png","datePublished":"2015-05-31T08:29:00+00:00","dateModified":"2022-12-07T11:00:05+00:00","inLanguage":"en-US","potentialAction":[{"@type":"ReadAction","target":["https:\/\/asterixartstrips.com\/en\/about\/"]}]},{"@type":"ImageObject","inLanguage":"en-US","@id":"https:\/\/asterixartstrips.com\/en\/about\/#primaryimage","url":"https:\/\/asterixartstrips.com\/wp-content\/uploads\/2022\/11\/asterix-art-strips-crayonne-tour-de-gaule-01-700x700.png","contentUrl":"https:\/\/asterixartstrips.com\/wp-content\/uploads\/2022\/11\/asterix-art-strips-crayonne-tour-de-gaule-01-700x700.png"},{"@type":"WebSite","@id":"https:\/\/asterixartstrips.com\/en\/#website","url":"https:\/\/asterixartstrips.com\/en\/","name":"Ast\u00e9rix Art Strips","description":"From comic strips to art strips","potentialAction":[{"@type":"SearchAction","target":{"@type":"EntryPoint","urlTemplate":"https:\/\/asterixartstrips.com\/en\/?s={search_term_string}"},"query-input":{"@type":"PropertyValueSpecification","valueRequired":true,"valueName":"search_term_string"}}],"inLanguage":"en-US"}]}},"_links":{"self":[{"href":"https:\/\/asterixartstrips.com\/en\/wp-json\/wp\/v2\/pages\/15103","targetHints":{"allow":["GET"]}}],"collection":[{"href":"https:\/\/asterixartstrips.com\/en\/wp-json\/wp\/v2\/pages"}],"about":[{"href":"https:\/\/asterixartstrips.com\/en\/wp-json\/wp\/v2\/types\/page"}],"author":[{"embeddable":true,"href":"https:\/\/asterixartstrips.com\/en\/wp-json\/wp\/v2\/users\/1"}],"replies":[{"embeddable":true,"href":"https:\/\/asterixartstrips.com\/en\/wp-json\/wp\/v2\/comments?post=15103"}],"version-history":[{"count":8,"href":"https:\/\/asterixartstrips.com\/en\/wp-json\/wp\/v2\/pages\/15103\/revisions"}],"predecessor-version":[{"id":15378,"href":"https:\/\/asterixartstrips.com\/en\/wp-json\/wp\/v2\/pages\/15103\/revisions\/15378"}],"wp:attachment":[{"href":"https:\/\/asterixartstrips.com\/en\/wp-json\/wp\/v2\/media?parent=15103"}],"curies":[{"name":"wp","href":"https:\/\/api.w.org\/{rel}","templated":true}]}}