{"id":15302,"date":"2022-12-06T08:19:41","date_gmt":"2022-12-06T07:19:41","guid":{"rendered":"https:\/\/asterixartstrips.com\/finishings\/"},"modified":"2023-01-09T23:51:45","modified_gmt":"2023-01-09T22:51:45","slug":"finishings","status":"publish","type":"page","link":"https:\/\/asterixartstrips.com\/en\/finishings\/","title":{"rendered":"Finishings"},"content":{"rendered":"\n<h3 class=\"wp-block-heading\">Finishings:<\/h3>\n\n<div class=\"wp-block-columns is-layout-flex wp-container-core-columns-is-layout-9d6595d7 wp-block-columns-is-layout-flex\">\n<div class=\"wp-block-column is-layout-flow wp-block-column-is-layout-flow\">\n<h4 class=\"wp-block-heading\">Plexiglass on aluminium<\/h4>\n\n\n\n<p class=\"finishMinHeight\">Dibond, with an aluminium hanging frame on the back.<br\/><\/p>\n\n\n\n<figure class=\"wp-block-gallery has-nested-images columns-2 is-cropped fancybox wp-block-gallery-1 is-layout-flex wp-block-gallery-is-layout-flex\">\n<figure class=\"wp-block-image size-large\"><a href=\"https:\/\/asterixartstrips.com\/wp-content\/uploads\/2022\/12\/asterix-art-strips-finitions-dibond-sous-plexiglas-1-700x467.jpg\"><img loading=\"lazy\" decoding=\"async\" width=\"700\" height=\"467\" data-id=\"15258\" src=\"https:\/\/asterixartstrips.com\/wp-content\/uploads\/2022\/12\/asterix-art-strips-finitions-dibond-sous-plexiglas-1-700x467.jpg\" alt=\"Close-up of an Art Strip in plexiglass on aluminium version | &#xA9; Germain Hazard \/ Royal Spark\" class=\"wp-image-15258\" srcset=\"https:\/\/asterixartstrips.com\/wp-content\/uploads\/2022\/12\/asterix-art-strips-finitions-dibond-sous-plexiglas-1-700x467.jpg 700w, https:\/\/asterixartstrips.com\/wp-content\/uploads\/2022\/12\/asterix-art-strips-finitions-dibond-sous-plexiglas-1-800x533.jpg 800w, https:\/\/asterixartstrips.com\/wp-content\/uploads\/2022\/12\/asterix-art-strips-finitions-dibond-sous-plexiglas-1-250x167.jpg 250w, https:\/\/asterixartstrips.com\/wp-content\/uploads\/2022\/12\/asterix-art-strips-finitions-dibond-sous-plexiglas-1-768x512.jpg 768w, https:\/\/asterixartstrips.com\/wp-content\/uploads\/2022\/12\/asterix-art-strips-finitions-dibond-sous-plexiglas-1-555x370.jpg 555w, https:\/\/asterixartstrips.com\/wp-content\/uploads\/2022\/12\/asterix-art-strips-finitions-dibond-sous-plexiglas-1.jpg 1200w\" sizes=\"auto, (max-width: 700px) 100vw, 700px\" \/><\/a><\/figure>\n\n\n<figure class=\"wp-block-image size-large\"><a href=\"https:\/\/asterixartstrips.com\/wp-content\/uploads\/2022\/12\/asterix-art-strips-finitions-dibond-sous-plexiglas-4-700x467.jpg\"><img loading=\"lazy\" decoding=\"async\" width=\"700\" height=\"467\" data-id=\"15267\" src=\"https:\/\/asterixartstrips.com\/wp-content\/uploads\/2022\/12\/asterix-art-strips-finitions-dibond-sous-plexiglas-4-700x467.jpg\" alt=\"Close-up of an Art Strip in plexiglass on aluminium version | &#xA9; Germain Hazard \/ Royal Spark\" class=\"wp-image-15267\" srcset=\"https:\/\/asterixartstrips.com\/wp-content\/uploads\/2022\/12\/asterix-art-strips-finitions-dibond-sous-plexiglas-4-700x467.jpg 700w, https:\/\/asterixartstrips.com\/wp-content\/uploads\/2022\/12\/asterix-art-strips-finitions-dibond-sous-plexiglas-4-800x533.jpg 800w, https:\/\/asterixartstrips.com\/wp-content\/uploads\/2022\/12\/asterix-art-strips-finitions-dibond-sous-plexiglas-4-250x167.jpg 250w, https:\/\/asterixartstrips.com\/wp-content\/uploads\/2022\/12\/asterix-art-strips-finitions-dibond-sous-plexiglas-4-768x512.jpg 768w, https:\/\/asterixartstrips.com\/wp-content\/uploads\/2022\/12\/asterix-art-strips-finitions-dibond-sous-plexiglas-4-555x370.jpg 555w, https:\/\/asterixartstrips.com\/wp-content\/uploads\/2022\/12\/asterix-art-strips-finitions-dibond-sous-plexiglas-4.jpg 1200w\" sizes=\"auto, (max-width: 700px) 100vw, 700px\" \/><\/a><\/figure>\n\n\n<figure class=\"wp-block-image size-large\"><a href=\"https:\/\/asterixartstrips.com\/wp-content\/uploads\/2022\/12\/asterix-art-strips-finitions-dibond-sous-plexiglas-2-700x467.jpg\"><img loading=\"lazy\" decoding=\"async\" width=\"700\" height=\"467\" data-id=\"15260\" src=\"https:\/\/asterixartstrips.com\/wp-content\/uploads\/2022\/12\/asterix-art-strips-finitions-dibond-sous-plexiglas-2-700x467.jpg\" alt=\"Back of an Art Strip in plexiglass on aluminium version | &#xA9; Germain Hazard \/ Royal Spark\" class=\"wp-image-15260\" srcset=\"https:\/\/asterixartstrips.com\/wp-content\/uploads\/2022\/12\/asterix-art-strips-finitions-dibond-sous-plexiglas-2-700x467.jpg 700w, https:\/\/asterixartstrips.com\/wp-content\/uploads\/2022\/12\/asterix-art-strips-finitions-dibond-sous-plexiglas-2-800x533.jpg 800w, https:\/\/asterixartstrips.com\/wp-content\/uploads\/2022\/12\/asterix-art-strips-finitions-dibond-sous-plexiglas-2-250x167.jpg 250w, https:\/\/asterixartstrips.com\/wp-content\/uploads\/2022\/12\/asterix-art-strips-finitions-dibond-sous-plexiglas-2-768x512.jpg 768w, https:\/\/asterixartstrips.com\/wp-content\/uploads\/2022\/12\/asterix-art-strips-finitions-dibond-sous-plexiglas-2-555x370.jpg 555w, https:\/\/asterixartstrips.com\/wp-content\/uploads\/2022\/12\/asterix-art-strips-finitions-dibond-sous-plexiglas-2.jpg 1200w\" sizes=\"auto, (max-width: 700px) 100vw, 700px\" \/><\/a><\/figure>\n\n\n<figure class=\"wp-block-image size-large\"><a href=\"https:\/\/asterixartstrips.com\/wp-content\/uploads\/2022\/12\/asterix-art-strips-finitions-dibond-sous-plexiglas-3-700x467.jpg\"><img loading=\"lazy\" decoding=\"async\" width=\"700\" height=\"467\" data-id=\"15264\" src=\"https:\/\/asterixartstrips.com\/wp-content\/uploads\/2022\/12\/asterix-art-strips-finitions-dibond-sous-plexiglas-3-700x467.jpg\" alt=\"Overview of an Art Strip in plexiglass on aluminium version | &#xA9; Germain Hazard \/ Royal Spark\" class=\"wp-image-15264\" srcset=\"https:\/\/asterixartstrips.com\/wp-content\/uploads\/2022\/12\/asterix-art-strips-finitions-dibond-sous-plexiglas-3-700x467.jpg 700w, https:\/\/asterixartstrips.com\/wp-content\/uploads\/2022\/12\/asterix-art-strips-finitions-dibond-sous-plexiglas-3-800x533.jpg 800w, https:\/\/asterixartstrips.com\/wp-content\/uploads\/2022\/12\/asterix-art-strips-finitions-dibond-sous-plexiglas-3-250x167.jpg 250w, https:\/\/asterixartstrips.com\/wp-content\/uploads\/2022\/12\/asterix-art-strips-finitions-dibond-sous-plexiglas-3-768x512.jpg 768w, https:\/\/asterixartstrips.com\/wp-content\/uploads\/2022\/12\/asterix-art-strips-finitions-dibond-sous-plexiglas-3-555x370.jpg 555w, https:\/\/asterixartstrips.com\/wp-content\/uploads\/2022\/12\/asterix-art-strips-finitions-dibond-sous-plexiglas-3.jpg 1200w\" sizes=\"auto, (max-width: 700px) 100vw, 700px\" \/><\/a><\/figure><\/figure>\n<\/div>\n\n\n\n<div class=\"wp-block-column is-layout-flow wp-block-column-is-layout-flow\">\n<h4 class=\"wp-block-heading\">Fine Art Hahnem\u00fchle paper on aluminium<\/h4>\n\n\n\n<p class=\"finishMinHeight\">Dibond, framed in a white or black American wooden frame. Hanging frame on the back, made of aluminium. Hanging frame on the back, made of aluminium.<\/p>\n\n\n\n<figure class=\"wp-block-gallery has-nested-images columns-2 is-cropped wp-block-gallery-2 is-layout-flex wp-block-gallery-is-layout-flex\">\n<figure class=\"wp-block-image size-large fancybox\"><a href=\"https:\/\/asterixartstrips.com\/wp-content\/uploads\/2022\/12\/asterix-art-strips-finitions-papier-fine-art-4-700x467.jpg\"><img loading=\"lazy\" decoding=\"async\" width=\"700\" height=\"467\" data-id=\"15276\" src=\"https:\/\/asterixartstrips.com\/wp-content\/uploads\/2022\/12\/asterix-art-strips-finitions-papier-fine-art-4-700x467.jpg\" alt=\"Close-up of an Art Strip in Fine Art Hahnem&#xFC;hle paper on aluminium version | &#xA9; Germain Hazard \/ Royal Spark\" class=\"wp-image-15276\" srcset=\"https:\/\/asterixartstrips.com\/wp-content\/uploads\/2022\/12\/asterix-art-strips-finitions-papier-fine-art-4-700x467.jpg 700w, https:\/\/asterixartstrips.com\/wp-content\/uploads\/2022\/12\/asterix-art-strips-finitions-papier-fine-art-4-800x533.jpg 800w, https:\/\/asterixartstrips.com\/wp-content\/uploads\/2022\/12\/asterix-art-strips-finitions-papier-fine-art-4-250x167.jpg 250w, https:\/\/asterixartstrips.com\/wp-content\/uploads\/2022\/12\/asterix-art-strips-finitions-papier-fine-art-4-768x512.jpg 768w, https:\/\/asterixartstrips.com\/wp-content\/uploads\/2022\/12\/asterix-art-strips-finitions-papier-fine-art-4-555x370.jpg 555w, https:\/\/asterixartstrips.com\/wp-content\/uploads\/2022\/12\/asterix-art-strips-finitions-papier-fine-art-4.jpg 1200w\" sizes=\"auto, (max-width: 700px) 100vw, 700px\" \/><\/a><\/figure>\n\n\n<figure class=\"wp-block-image size-large fancybox\"><a href=\"https:\/\/asterixartstrips.com\/wp-content\/uploads\/2022\/12\/asterix-art-strips-finitions-papier-fine-art-1-700x467.jpg\"><img loading=\"lazy\" decoding=\"async\" width=\"700\" height=\"467\" data-id=\"15270\" src=\"https:\/\/asterixartstrips.com\/wp-content\/uploads\/2022\/12\/asterix-art-strips-finitions-papier-fine-art-1-700x467.jpg\" alt=\"Close-up of an Art Strip in Fine Art Hahnem&#xFC;hle paper on aluminium version | &#xA9; Germain Hazard \/ Royal Spark\" class=\"wp-image-15270\" srcset=\"https:\/\/asterixartstrips.com\/wp-content\/uploads\/2022\/12\/asterix-art-strips-finitions-papier-fine-art-1-700x467.jpg 700w, https:\/\/asterixartstrips.com\/wp-content\/uploads\/2022\/12\/asterix-art-strips-finitions-papier-fine-art-1-800x533.jpg 800w, https:\/\/asterixartstrips.com\/wp-content\/uploads\/2022\/12\/asterix-art-strips-finitions-papier-fine-art-1-250x167.jpg 250w, https:\/\/asterixartstrips.com\/wp-content\/uploads\/2022\/12\/asterix-art-strips-finitions-papier-fine-art-1-768x512.jpg 768w, https:\/\/asterixartstrips.com\/wp-content\/uploads\/2022\/12\/asterix-art-strips-finitions-papier-fine-art-1-555x370.jpg 555w, https:\/\/asterixartstrips.com\/wp-content\/uploads\/2022\/12\/asterix-art-strips-finitions-papier-fine-art-1.jpg 1200w\" sizes=\"auto, (max-width: 700px) 100vw, 700px\" \/><\/a><\/figure>\n\n\n<figure class=\"wp-block-image size-large fancybox\"><a href=\"https:\/\/asterixartstrips.com\/wp-content\/uploads\/2022\/12\/asterix-art-strips-finitions-papier-fine-art-2-700x467.jpg\"><img loading=\"lazy\" decoding=\"async\" width=\"700\" height=\"467\" data-id=\"15271\" src=\"https:\/\/asterixartstrips.com\/wp-content\/uploads\/2022\/12\/asterix-art-strips-finitions-papier-fine-art-2-700x467.jpg\" alt=\"Back of an Art Strip in Fine Art Hahnem&#xFC;hle paper on aluminium version | &#xA9; Germain Hazard \/ Royal Spark\" class=\"wp-image-15271\" srcset=\"https:\/\/asterixartstrips.com\/wp-content\/uploads\/2022\/12\/asterix-art-strips-finitions-papier-fine-art-2-700x467.jpg 700w, https:\/\/asterixartstrips.com\/wp-content\/uploads\/2022\/12\/asterix-art-strips-finitions-papier-fine-art-2-800x533.jpg 800w, https:\/\/asterixartstrips.com\/wp-content\/uploads\/2022\/12\/asterix-art-strips-finitions-papier-fine-art-2-250x167.jpg 250w, https:\/\/asterixartstrips.com\/wp-content\/uploads\/2022\/12\/asterix-art-strips-finitions-papier-fine-art-2-768x512.jpg 768w, https:\/\/asterixartstrips.com\/wp-content\/uploads\/2022\/12\/asterix-art-strips-finitions-papier-fine-art-2-555x370.jpg 555w, https:\/\/asterixartstrips.com\/wp-content\/uploads\/2022\/12\/asterix-art-strips-finitions-papier-fine-art-2.jpg 1200w\" sizes=\"auto, (max-width: 700px) 100vw, 700px\" \/><\/a><\/figure>\n\n\n<figure class=\"wp-block-image size-large fancybox\"><a href=\"https:\/\/asterixartstrips.com\/wp-content\/uploads\/2022\/12\/asterix-art-strips-finitions-papier-fine-art-3-700x467.jpg\"><img loading=\"lazy\" decoding=\"async\" width=\"700\" height=\"467\" data-id=\"15279\" src=\"https:\/\/asterixartstrips.com\/wp-content\/uploads\/2022\/12\/asterix-art-strips-finitions-papier-fine-art-3-700x467.jpg\" alt=\"Overview of an Art Strip in Fine Art Hahnem&#xFC;hle paper on aluminium version | &#xA9; Germain Hazard \/ Royal Spark\" class=\"wp-image-15279\" srcset=\"https:\/\/asterixartstrips.com\/wp-content\/uploads\/2022\/12\/asterix-art-strips-finitions-papier-fine-art-3-700x467.jpg 700w, https:\/\/asterixartstrips.com\/wp-content\/uploads\/2022\/12\/asterix-art-strips-finitions-papier-fine-art-3-800x533.jpg 800w, https:\/\/asterixartstrips.com\/wp-content\/uploads\/2022\/12\/asterix-art-strips-finitions-papier-fine-art-3-250x167.jpg 250w, https:\/\/asterixartstrips.com\/wp-content\/uploads\/2022\/12\/asterix-art-strips-finitions-papier-fine-art-3-768x512.jpg 768w, https:\/\/asterixartstrips.com\/wp-content\/uploads\/2022\/12\/asterix-art-strips-finitions-papier-fine-art-3-555x370.jpg 555w, https:\/\/asterixartstrips.com\/wp-content\/uploads\/2022\/12\/asterix-art-strips-finitions-papier-fine-art-3.jpg 1200w\" sizes=\"auto, (max-width: 700px) 100vw, 700px\" \/><\/a><\/figure><\/figure>\n<\/div>\n<\/div>\n\n<div class=\"wp-block-columns is-layout-flex wp-container-core-columns-is-layout-9d6595d7 wp-block-columns-is-layout-flex\">\n<div class=\"wp-block-column is-layout-flow wp-block-column-is-layout-flow\" style=\"flex-basis:50%\">\n          \n\n          <figure class=\"wp-block-embed is-type-video is-provider-youtube wp-block-embed-youtube wp-embed-aspect-16-9 wp-has-aspect-ratio\">\n            <div class=\"wp-block-embed__wrapper\">\n<iframe loading=\"lazy\" title=\"Finitions des Ast\u00e9rix Art Strips\" width=\"1170\" height=\"658\" src=\"https:\/\/www.youtube.com\/embed\/eJCRqH3A-iE?feature=oembed\" frameborder=\"0\" allow=\"accelerometer; autoplay; clipboard-write; encrypted-media; gyroscope; picture-in-picture; web-share\" allowfullscreen><\/iframe>\n<\/div>\n          <\/figure>\n          \n\n        \n<\/div>\n\n\n\n<div class=\"wp-block-column is-layout-flow wp-block-column-is-layout-flow\" style=\"flex-basis:50%\">\n<h3 class=\"wp-block-heading\">Limited Edition<\/h3>\n\n\n\n<p>All the Asterix Art Strips are published in a limited edition of 30 copies with a certificate of authenticity signed by C\u00e9leste Surugue, Managing Director of Editions Albert Ren\u00e9, and Florence Mittnacht, Legal Director of Editions Albert Ren\u00e9.<\/p>\n\n\n\n<h3 class=\"wp-block-heading\">Delivery time and conditions:<\/h3>\n\n\n\n<ul class=\"wp-block-list\">\n<li>Production time 2 to 3 weeks<\/li>\n\n\n\n<li>Delivered in cardboard and plastic film<\/li>\n<\/ul>\n<\/div>\n<\/div>\n","protected":false},"excerpt":{"rendered":"<p>Finishings: Plexiglass on aluminium Dibond, with an aluminium hanging frame on the back. Fine Art Hahnem\u00fchle paper on aluminium Dibond, framed in a white or black American wooden frame. Hanging frame on the back, made of aluminium. Hanging frame on the back, made of aluminium. Limited Edition All the Asterix Art Strips are published in a limited edition of 30 copies with a certificate of authenticity signed by C\u00e9leste Surugue, Managing Director of Editions Albert&hellip;<\/p>\n","protected":false},"author":1,"featured_media":0,"parent":0,"menu_order":0,"comment_status":"closed","ping_status":"closed","template":"","meta":{"_acf_changed":false,"footnotes":""},"class_list":["post-15302","page","type-page","status-publish","hentry"],"acf":[],"yoast_head":"<!-- This site is optimized with the Yoast SEO plugin v27.4 - https:\/\/yoast.com\/product\/yoast-seo-wordpress\/ -->\n<title>Finishings - Ast\u00e9rix Art Strips<\/title>\n<meta name=\"robots\" content=\"index, follow, max-snippet:-1, max-image-preview:large, max-video-preview:-1\" \/>\n<link rel=\"canonical\" href=\"https:\/\/asterixartstrips.com\/en\/finishings\/\" \/>\n<meta property=\"og:locale\" content=\"en_US\" \/>\n<meta property=\"og:type\" content=\"article\" \/>\n<meta property=\"og:title\" content=\"Finishings - Ast\u00e9rix Art Strips\" \/>\n<meta property=\"og:description\" content=\"Finishings: Plexiglass on aluminium Dibond, with an aluminium hanging frame on the back. Fine Art Hahnem\u00fchle paper on aluminium Dibond, framed in a white or black American wooden frame. Hanging frame on the back, made of aluminium. Hanging frame on the back, made of aluminium. Limited Edition All the Asterix Art Strips are published in a limited edition of 30 copies with a certificate of authenticity signed by C\u00e9leste Surugue, Managing Director of Editions Albert&hellip;\" \/>\n<meta property=\"og:url\" content=\"https:\/\/asterixartstrips.com\/en\/finishings\/\" \/>\n<meta property=\"og:site_name\" content=\"Ast\u00e9rix Art Strips\" \/>\n<meta property=\"article:modified_time\" content=\"2023-01-09T22:51:45+00:00\" \/>\n<meta property=\"og:image\" content=\"https:\/\/asterixartstrips.com\/wp-content\/uploads\/2022\/12\/asterix-art-strips-finitions-dibond-sous-plexiglas-1-700x467.jpg\" \/>\n<meta name=\"twitter:card\" content=\"summary_large_image\" \/>\n<meta name=\"twitter:label1\" content=\"Est. reading time\" \/>\n\t<meta name=\"twitter:data1\" content=\"3 minutes\" \/>\n<script type=\"application\/ld+json\" class=\"yoast-schema-graph\">{\"@context\":\"https:\\\/\\\/schema.org\",\"@graph\":[{\"@type\":\"WebPage\",\"@id\":\"https:\\\/\\\/asterixartstrips.com\\\/en\\\/finishings\\\/\",\"url\":\"https:\\\/\\\/asterixartstrips.com\\\/en\\\/finishings\\\/\",\"name\":\"Finishings - Ast\u00e9rix Art Strips\",\"isPartOf\":{\"@id\":\"https:\\\/\\\/asterixartstrips.com\\\/en\\\/#website\"},\"primaryImageOfPage\":{\"@id\":\"https:\\\/\\\/asterixartstrips.com\\\/en\\\/finishings\\\/#primaryimage\"},\"image\":{\"@id\":\"https:\\\/\\\/asterixartstrips.com\\\/en\\\/finishings\\\/#primaryimage\"},\"thumbnailUrl\":\"https:\\\/\\\/asterixartstrips.com\\\/wp-content\\\/uploads\\\/2022\\\/12\\\/asterix-art-strips-finitions-dibond-sous-plexiglas-1-700x467.jpg\",\"datePublished\":\"2022-12-06T07:19:41+00:00\",\"dateModified\":\"2023-01-09T22:51:45+00:00\",\"inLanguage\":\"en-US\",\"potentialAction\":[{\"@type\":\"ReadAction\",\"target\":[\"https:\\\/\\\/asterixartstrips.com\\\/en\\\/finishings\\\/\"]}]},{\"@type\":\"ImageObject\",\"inLanguage\":\"en-US\",\"@id\":\"https:\\\/\\\/asterixartstrips.com\\\/en\\\/finishings\\\/#primaryimage\",\"url\":\"https:\\\/\\\/asterixartstrips.com\\\/wp-content\\\/uploads\\\/2022\\\/12\\\/asterix-art-strips-finitions-dibond-sous-plexiglas-1-700x467.jpg\",\"contentUrl\":\"https:\\\/\\\/asterixartstrips.com\\\/wp-content\\\/uploads\\\/2022\\\/12\\\/asterix-art-strips-finitions-dibond-sous-plexiglas-1-700x467.jpg\"},{\"@type\":\"WebSite\",\"@id\":\"https:\\\/\\\/asterixartstrips.com\\\/en\\\/#website\",\"url\":\"https:\\\/\\\/asterixartstrips.com\\\/en\\\/\",\"name\":\"Ast\u00e9rix Art Strips\",\"description\":\"From comic strips to art strips\",\"potentialAction\":[{\"@type\":\"SearchAction\",\"target\":{\"@type\":\"EntryPoint\",\"urlTemplate\":\"https:\\\/\\\/asterixartstrips.com\\\/en\\\/?s={search_term_string}\"},\"query-input\":{\"@type\":\"PropertyValueSpecification\",\"valueRequired\":true,\"valueName\":\"search_term_string\"}}],\"inLanguage\":\"en-US\"}]}<\/script>\n<!-- \/ Yoast SEO plugin. -->","yoast_head_json":{"title":"Finishings - Ast\u00e9rix Art Strips","robots":{"index":"index","follow":"follow","max-snippet":"max-snippet:-1","max-image-preview":"max-image-preview:large","max-video-preview":"max-video-preview:-1"},"canonical":"https:\/\/asterixartstrips.com\/en\/finishings\/","og_locale":"en_US","og_type":"article","og_title":"Finishings - Ast\u00e9rix Art Strips","og_description":"Finishings: Plexiglass on aluminium Dibond, with an aluminium hanging frame on the back. Fine Art Hahnem\u00fchle paper on aluminium Dibond, framed in a white or black American wooden frame. Hanging frame on the back, made of aluminium. Hanging frame on the back, made of aluminium. Limited Edition All the Asterix Art Strips are published in a limited edition of 30 copies with a certificate of authenticity signed by C\u00e9leste Surugue, Managing Director of Editions Albert&hellip;","og_url":"https:\/\/asterixartstrips.com\/en\/finishings\/","og_site_name":"Ast\u00e9rix Art Strips","article_modified_time":"2023-01-09T22:51:45+00:00","og_image":[{"url":"https:\/\/asterixartstrips.com\/wp-content\/uploads\/2022\/12\/asterix-art-strips-finitions-dibond-sous-plexiglas-1-700x467.jpg","type":"","width":"","height":""}],"twitter_card":"summary_large_image","twitter_misc":{"Est. reading time":"3 minutes"},"schema":{"@context":"https:\/\/schema.org","@graph":[{"@type":"WebPage","@id":"https:\/\/asterixartstrips.com\/en\/finishings\/","url":"https:\/\/asterixartstrips.com\/en\/finishings\/","name":"Finishings - Ast\u00e9rix Art Strips","isPartOf":{"@id":"https:\/\/asterixartstrips.com\/en\/#website"},"primaryImageOfPage":{"@id":"https:\/\/asterixartstrips.com\/en\/finishings\/#primaryimage"},"image":{"@id":"https:\/\/asterixartstrips.com\/en\/finishings\/#primaryimage"},"thumbnailUrl":"https:\/\/asterixartstrips.com\/wp-content\/uploads\/2022\/12\/asterix-art-strips-finitions-dibond-sous-plexiglas-1-700x467.jpg","datePublished":"2022-12-06T07:19:41+00:00","dateModified":"2023-01-09T22:51:45+00:00","inLanguage":"en-US","potentialAction":[{"@type":"ReadAction","target":["https:\/\/asterixartstrips.com\/en\/finishings\/"]}]},{"@type":"ImageObject","inLanguage":"en-US","@id":"https:\/\/asterixartstrips.com\/en\/finishings\/#primaryimage","url":"https:\/\/asterixartstrips.com\/wp-content\/uploads\/2022\/12\/asterix-art-strips-finitions-dibond-sous-plexiglas-1-700x467.jpg","contentUrl":"https:\/\/asterixartstrips.com\/wp-content\/uploads\/2022\/12\/asterix-art-strips-finitions-dibond-sous-plexiglas-1-700x467.jpg"},{"@type":"WebSite","@id":"https:\/\/asterixartstrips.com\/en\/#website","url":"https:\/\/asterixartstrips.com\/en\/","name":"Ast\u00e9rix Art Strips","description":"From comic strips to art strips","potentialAction":[{"@type":"SearchAction","target":{"@type":"EntryPoint","urlTemplate":"https:\/\/asterixartstrips.com\/en\/?s={search_term_string}"},"query-input":{"@type":"PropertyValueSpecification","valueRequired":true,"valueName":"search_term_string"}}],"inLanguage":"en-US"}]}},"_links":{"self":[{"href":"https:\/\/asterixartstrips.com\/en\/wp-json\/wp\/v2\/pages\/15302","targetHints":{"allow":["GET"]}}],"collection":[{"href":"https:\/\/asterixartstrips.com\/en\/wp-json\/wp\/v2\/pages"}],"about":[{"href":"https:\/\/asterixartstrips.com\/en\/wp-json\/wp\/v2\/types\/page"}],"author":[{"embeddable":true,"href":"https:\/\/asterixartstrips.com\/en\/wp-json\/wp\/v2\/users\/1"}],"replies":[{"embeddable":true,"href":"https:\/\/asterixartstrips.com\/en\/wp-json\/wp\/v2\/comments?post=15302"}],"version-history":[{"count":10,"href":"https:\/\/asterixartstrips.com\/en\/wp-json\/wp\/v2\/pages\/15302\/revisions"}],"predecessor-version":[{"id":15442,"href":"https:\/\/asterixartstrips.com\/en\/wp-json\/wp\/v2\/pages\/15302\/revisions\/15442"}],"wp:attachment":[{"href":"https:\/\/asterixartstrips.com\/en\/wp-json\/wp\/v2\/media?parent=15302"}],"curies":[{"name":"wp","href":"https:\/\/api.w.org\/{rel}","templated":true}]}}